{"id":14173,"date":"2021-12-13T12:19:01","date_gmt":"2021-12-13T11:19:01","guid":{"rendered":"https:\/\/www.campinglagomaggiore.com\/contattaci\/"},"modified":"2024-05-08T11:09:15","modified_gmt":"2024-05-08T09:09:15","slug":"contattaci","status":"publish","type":"page","link":"https:\/\/www.campinglagomaggiore.com\/de\/contattaci\/","title":{"rendered":"Kontakte"},"content":{"rendered":"<section class=\"l-section wpb_row fr-bg c-bg-image-contact height_auto width_full with_img\"><div class=\"l-section-img\" role=\"img\" data-img-width=\"1600\" data-img-height=\"999\" style=\"background-image: url(https:\/\/www.campinglagomaggiore.com\/wp-content\/uploads\/2019\/11\/antonio-gabola-267VtOaXPSs-unsplash-1.jpg);background-repeat: no-repeat;\"><\/div><div class=\"l-section-h i-cf\"><div class=\"g-cols vc_row via_grid cols_1 laptops-cols_inherit tablets-cols_inherit mobiles-cols_1 valign_top type_default stacking_default\"><div class=\"wpb_column vc_column_container\"><div class=\"vc_column-inner\"><div class=\"w-separator size_custom\" style=\"height:150px\"><\/div><div class=\"wpb_text_column\"><div class=\"wpb_wrapper\"><h1 class=\"title-page\"><strong><span><span><br \/>\nKONTAKTE<\/span><\/span><\/strong><\/h1>\n<\/div><\/div><div class=\"w-separator size_custom\" style=\"height:150px\"><\/div><\/div><\/div><\/div><\/div><\/section><section class=\"l-section wpb_row height_large color_custom\"><div class=\"l-section-h i-cf\"><div class=\"g-cols vc_row via_grid cols_1 laptops-cols_inherit tablets-cols_inherit mobiles-cols_1 valign_top type_default stacking_default\"><div class=\"wpb_column vc_column_container\"><div class=\"vc_column-inner\"><div class=\"g-cols wpb_row via_grid cols_1-3 laptops-cols_inherit tablets-cols_inherit mobiles-cols_1 valign_top type_default stacking_default\" style=\"--gap:3rem;\"><div class=\"wpb_column vc_column_container\"><div class=\"vc_column-inner\"><div class=\"wpb_text_column\"><div class=\"wpb_wrapper\"><h4>Consorzio<br \/>\n<strong>Lago Maggiore Holidays<\/strong><\/h4>\n<\/div><\/div><div class=\"w-iconbox iconpos_left style_default color_custom align_left no_text\"><a href=\"tel:+390323496300\" class=\"w-iconbox-link\" aria-label=\"Via 42 Martiri, 156 28924 Verbania Fondotoce (VB) \u2013 ITALIA\"><div class=\"w-iconbox-icon\" style=\"font-size:12px;\"><i class=\"fas fa-map-marker-alt\"><\/i><\/div><\/a><div class=\"w-iconbox-meta\"><a href=\"tel:+390323496300\" class=\"w-iconbox-link\" aria-label=\"Via 42 Martiri, 156 28924 Verbania Fondotoce (VB) \u2013 ITALIA\"><p class=\"w-iconbox-title\">Via 42 Martiri, 156 28924 Verbania Fondotoce (VB) \u2013 ITALIA<\/p><\/a><\/div><\/div><div class=\"w-iconbox iconpos_left style_default color_custom align_left no_text\"><a href=\"tel:+390323496300\" class=\"w-iconbox-link\" aria-label=\"+39 0323 496300\"><div class=\"w-iconbox-icon\" style=\"font-size:12px;\"><i class=\"fas fa-phone\"><\/i><\/div><\/a><div class=\"w-iconbox-meta\"><a href=\"tel:+390323496300\" class=\"w-iconbox-link\" aria-label=\"+39 0323 496300\"><p class=\"w-iconbox-title\">+39 0323 496300<\/p><\/a><\/div><\/div><div class=\"w-iconbox iconpos_left style_default color_custom align_left no_text\"><a href=\"mailto:info@campinglagomaggiore.com\" class=\"w-iconbox-link\" aria-label=\"info@campinglagomaggiore.com\"><div class=\"w-iconbox-icon\" style=\"font-size:12px;\"><i class=\"fas fa-envelope\"><\/i><\/div><\/a><div class=\"w-iconbox-meta\"><a href=\"mailto:info@campinglagomaggiore.com\" class=\"w-iconbox-link\" aria-label=\"info@campinglagomaggiore.com\"><p class=\"w-iconbox-title\">info@campinglagomaggiore.com<\/p><\/a><\/div><\/div><div class=\"w-separator size_custom\" style=\"height:20px\"><\/div><div class=\"w-socials us_custom_a5c88937 color_text shape_circle style_solid hover_none\" style=\"--gap:0.1em;\"><div class=\"w-socials-list\"><div class=\"w-socials-item facebook\"><a target=\"_blank\" rel=\"nofollow\" href=\"https:\/\/www.facebook.com\/lagomaggioreholidays\/\" class=\"w-socials-item-link\" title=\"Facebook\" aria-label=\"Facebook\"><span class=\"w-socials-item-link-hover\"><\/span><i class=\"fab fa-facebook\"><\/i><\/a><div class=\"w-socials-item-popup\"><span>Facebook<\/span><\/div><\/div><div class=\"w-socials-item instagram\"><a target=\"_blank\" rel=\"nofollow\" href=\"https:\/\/www.instagram.com\/lagomaggioreholidays\/\" class=\"w-socials-item-link\" title=\"Instagram\" aria-label=\"Instagram\"><span class=\"w-socials-item-link-hover\"><\/span><i class=\"fab fa-instagram\"><\/i><\/a><div class=\"w-socials-item-popup\"><span>Instagram<\/span><\/div><\/div><\/div><\/div><\/div><\/div><div class=\"wpb_column vc_column_container\"><div class=\"vc_column-inner\"><div class=\"wpb_text_column\"><div class=\"wpb_wrapper\"><div id=\"quform-cd92ca\" class=\"quform quform-181 quform-support-page-caching\"><form id=\"quform-form-cd92ca\" class=\"quform-form quform-form-181\" action=\"\/de\/wp-json\/wp\/v2\/pages\/14173#quform-cd92ca\" method=\"post\" enctype=\"multipart\/form-data\" novalidate=\"novalidate\" data-options=\"{&quot;id&quot;:181,&quot;uniqueId&quot;:&quot;cd92ca&quot;,&quot;theme&quot;:&quot;&quot;,&quot;ajax&quot;:true,&quot;logic&quot;:{&quot;logic&quot;:[],&quot;dependents&quot;:[],&quot;elementIds&quot;:[],&quot;dependentElementIds&quot;:[],&quot;animate&quot;:true},&quot;currentPageId&quot;:1,&quot;errorsIcon&quot;:&quot;&quot;,&quot;updateFancybox&quot;:true,&quot;hasPages&quot;:false,&quot;pages&quot;:[1],&quot;pageProgressType&quot;:&quot;numbers&quot;,&quot;tooltipsEnabled&quot;:true,&quot;tooltipClasses&quot;:&quot;qtip-quform-dark qtip-shadow&quot;,&quot;tooltipMy&quot;:&quot;left center&quot;,&quot;tooltipAt&quot;:&quot;right center&quot;,&quot;isRtl&quot;:false,&quot;scrollOffset&quot;:-50,&quot;scrollSpeed&quot;:800}\"><button class=\"quform-default-submit\" name=\"quform_submit\" type=\"submit\" value=\"submit\"><\/button><div class=\"quform-form-inner quform-form-inner-181\"><input type=\"hidden\" name=\"quform_form_id\" value=\"181\" \/><input type=\"hidden\" name=\"quform_form_uid\" value=\"cd92ca\" \/><input type=\"hidden\" name=\"quform_count\" value=\"1\" \/><input type=\"hidden\" name=\"form_url\" value=\"https:\/\/www.campinglagomaggiore.com\/de\/wp-json\/wp\/v2\/pages\/14173\" \/><input type=\"hidden\" name=\"referring_url\" value=\"\" \/><input type=\"hidden\" name=\"post_id\" value=\"\" \/><input type=\"hidden\" name=\"post_title\" value=\"\" \/><input type=\"hidden\" name=\"quform_current_page_id\" value=\"1\" \/><input type=\"hidden\" name=\"quform_csrf_token\" value=\"AyXjSdBVJN6108Ya0Ses8yNLUqvu56LVP0r26ccU\" \/><div class=\"quform-elements quform-elements-181 quform-cf quform-responsive-elements-phone-landscape\"><div class=\"quform-element quform-element-page quform-page-1 quform-page-181_1 quform-cf quform-group-style-plain quform-first-page quform-last-page quform-current-page\"><div class=\"quform-child-elements\"><div class=\"quform-element quform-element-group quform-element-181_17 quform-cf quform-group-style-plain\"><div class=\"quform-spacer\"><div class=\"quform-child-elements\"><div class=\"quform-element quform-element-row quform-element-row-181_18 quform-2-columns quform-element-row-size-fixed quform-responsive-columns-phone-landscape\"><div class=\"quform-element quform-element-column quform-element-181_19\"><div class=\"quform-element quform-element-group quform-element-181_60 quform-cf quform-group-style-plain\"><div class=\"quform-spacer\"><div class=\"quform-child-elements\"><div class=\"quform-element quform-element-text quform-element-181_62 quform-cf quform-labels-inside quform-element-required\"><div class=\"quform-spacer\"><div class=\"quform-label quform-label-181_62\"><label class=\"quform-label-text\" for=\"quform_181_62_cd92ca\">VORNAME<span class=\"quform-required\">*<\/span><\/label><\/div><div class=\"quform-inner quform-inner-text quform-inner-181_62\"><div class=\"quform-input quform-input-text quform-input-181_62 quform-cf quform-has-field-icon-left\"><input type=\"text\" id=\"quform_181_62_cd92ca\" name=\"quform_181_62\" class=\"quform-field quform-field-text quform-field-181_62\" \/><span class=\"quform-field-icon quform-field-icon-left\"><i class=\"fa fa-user\"><\/i><\/span><\/div><\/div><\/div><\/div><div class=\"quform-element quform-element-text quform-element-181_63 quform-cf quform-labels-inside quform-element-required\"><div class=\"quform-spacer\"><div class=\"quform-label quform-label-181_63\"><label class=\"quform-label-text\" for=\"quform_181_63_cd92ca\">NAME<span class=\"quform-required\">*<\/span><\/label><\/div><div class=\"quform-inner quform-inner-text quform-inner-181_63\"><div class=\"quform-input quform-input-text quform-input-181_63 quform-cf quform-has-field-icon-left\"><input type=\"text\" id=\"quform_181_63_cd92ca\" name=\"quform_181_63\" class=\"quform-field quform-field-text quform-field-181_63\" \/><span class=\"quform-field-icon quform-field-icon-left\"><i class=\"fa fa-user\"><\/i><\/span><\/div><\/div><\/div><\/div><div class=\"quform-element quform-element-email quform-element-181_32 quform-cf quform-labels-inside quform-element-required\"><div class=\"quform-spacer\"><div class=\"quform-label quform-label-181_32\"><label class=\"quform-label-text\" for=\"quform_181_32_cd92ca\">E-MAIL ADRESSE<span class=\"quform-required\">*<\/span><\/label><\/div><div class=\"quform-inner quform-inner-email quform-inner-181_32\"><div class=\"quform-input quform-input-email quform-input-181_32 quform-cf quform-has-field-icon-left\"><input type=\"email\" id=\"quform_181_32_cd92ca\" name=\"quform_181_32\" class=\"quform-field quform-field-email quform-field-181_32\" \/><span class=\"quform-field-icon quform-field-icon-left\"><i class=\"fa fa-envelope-open\"><\/i><\/span><\/div><\/div><\/div><\/div><div class=\"quform-element quform-element-text quform-element-181_34 quform-cf quform-labels-inside quform-element-optional\"><div class=\"quform-spacer\"><div class=\"quform-label quform-label-181_34\"><label class=\"quform-label-text\" for=\"quform_181_34_cd92ca\">TELEFONNUMMER<\/label><\/div><div class=\"quform-inner quform-inner-text quform-inner-181_34\"><div class=\"quform-input quform-input-text quform-input-181_34 quform-cf quform-has-field-icon-left\"><input type=\"text\" id=\"quform_181_34_cd92ca\" name=\"quform_181_34\" class=\"quform-field quform-field-text quform-field-181_34\" \/><span class=\"quform-field-icon quform-field-icon-left\"><i class=\"fa fa-phone\"><\/i><\/span><\/div><\/div><\/div><\/div><div class=\"quform-element quform-element-submit quform-element-181_2 quform-cf quform-button-style-sexy-silver\"><div class=\"quform-button-submit quform-button-submit-default quform-button-submit-181_2\"><button name=\"quform_submit\" type=\"submit\" class=\"quform-submit\" value=\"submit\"><span class=\"quform-button-text quform-button-submit-text\">ABSENDEN<\/span><\/button><\/div><div class=\"quform-loading quform-loading-position-left quform-loading-type-spinner-1\"><div class=\"quform-loading-inner\"><div class=\"quform-loading-spinner\"><div class=\"quform-loading-spinner-inner\"><\/div><\/div><\/div><\/div><\/div><\/div><\/div><\/div><\/div><div class=\"quform-element quform-element-column quform-element-181_20\"><div class=\"quform-element quform-element-textarea quform-element-181_10 quform-cf quform-labels-inside quform-element-required\"><div class=\"quform-spacer\"><div class=\"quform-label quform-label-181_10\"><span class=\"quform-label-icon\"><i class=\"qicon-mode_edit\"><\/i><\/span><label class=\"quform-label-text\" for=\"quform_181_10_cd92ca\">NACHRICHT<span class=\"quform-required\">*<\/span><\/label><\/div><div class=\"quform-inner quform-inner-textarea quform-inner-181_10 quform-field-size-slim\"><div class=\"quform-input quform-input-textarea quform-input-181_10 quform-cf\"><textarea id=\"quform_181_10_cd92ca\" name=\"quform_181_10\" class=\"quform-field quform-field-textarea quform-field-181_10\"><\/textarea><\/div><\/div><\/div><\/div><div class=\"quform-element quform-element-checkbox quform-element-181_38 quform-cf quform-element-required\"><div class=\"quform-spacer\"><div class=\"quform-label quform-label-181_38\"><label class=\"quform-label-text\" id=\"quform_181_38_cd92ca_label\">DATENSCHUTZERKL\u00c4RUNG<span class=\"quform-required\">*<\/span><\/label><\/div><div class=\"quform-inner quform-inner-checkbox quform-inner-181_38\"><div class=\"quform-input quform-input-checkbox quform-input-181_38 quform-cf\"><div class=\"quform-options quform-cf quform-options-block quform-options-simple\" role=\"group\" aria-labelledby=\"quform_181_38_cd92ca_label\"><div class=\"quform-option\"><input type=\"checkbox\" name=\"quform_181_38[]\" id=\"quform_181_38_cd92ca_1\" class=\"quform-field quform-field-checkbox quform-field-181_38 quform-field-181_38_1\" value=\"AKZEPTIEREN\" \/><label for=\"quform_181_38_cd92ca_1\" class=\"quform-option-label quform-option-label-181_38_1\"><span class=\"quform-option-text\">AKZEPTIEREN<\/span><\/label><\/div><\/div><\/div><p class=\"quform-description quform-description-below\"><p style=\"font-size:10px;line-height:1.4em;text-align:justify\">Mit dem Absenden dieses Formulars best\u00e4tigen Sie, die <a href=\"\/de\/datenschutzerklaerung\/\" target=\"_blank\">Datenschutzerkl\u00e4rung<\/a> gelesen und zur Kenntnis genommen zu haben und die Verarbeitung personenbezogener Daten zur Abwicklung Ihrer Anfrage an die jeweiligen Anlagen ausdr\u00fccklich zuzustimmen.<\/p><\/p><\/div><\/div><\/div><div class=\"quform-element quform-element-row quform-element-row-181_57 quform-1-columns quform-element-row-size-fixed quform-responsive-columns-phone-landscape\"><div class=\"quform-element quform-element-column quform-element-181_58\"><div class=\"quform-element quform-element-recaptcha quform-element-181_36 quform-cf quform-element-required quform-recaptcha-size-invisible quform-recaptcha-badge-bottomright\"><div class=\"quform-spacer\"><div class=\"quform-inner quform-inner-recaptcha quform-inner-181_36\"><div class=\"quform-input quform-input-recaptcha quform-input-181_36 quform-cf\"><div class=\"quform-recaptcha\" data-config=\"{&quot;sitekey&quot;:&quot;6Lf16YwUAAAAABHjGA6Ni49ettCeCaxrExt5oNSa&quot;,&quot;size&quot;:&quot;invisible&quot;,&quot;type&quot;:&quot;image&quot;,&quot;theme&quot;:&quot;light&quot;,&quot;badge&quot;:&quot;bottomright&quot;}\"><\/div><noscript>Please enable JavaScript to submit this form.<\/noscript><\/div><\/div><\/div><\/div><\/div><\/div><\/div><\/div><\/div><\/div><\/div><div class=\"quform-element-tree\"><label for=\"quform_181_0_cd92ca\">Dieses Feld sollte nicht ausgef\u00fcllt werden<\/label><input type=\"text\" id=\"quform_181_0_cd92ca\" name=\"quform_181_0\" class=\"quform-field quform-field-tree quform-field-181_0\" tabindex=\"-1\" autocomplete=\"off\" \/><\/div><\/div><\/div><\/div><\/div><\/form><\/div>\n<\/div><\/div><\/div><\/div><\/div><\/div><\/div><\/div><\/div><\/section>\n","protected":false},"excerpt":{"rendered":"KONTAKTE Consorzio Lago Maggiore Holidays Via 42 Martiri, 156 28924 Verbania Fondotoce (VB) \u2013 ITALIA+39 0323 496300info@campinglagomaggiore.comFacebookInstagramVORNAME*NAME*E-MAIL ADRESSE*TELEFONNUMMERABSENDENNACHRICHT*DATENSCHUTZERKL\u00c4RUNG*AKZEPTIERENMit dem Absenden dieses Formulars best\u00e4tigen Sie, die Datenschutzerkl\u00e4rung gelesen und zur Kenntnis genommen zu haben und die Verarbeitung personenbezogener Daten zur Abwicklung Ihrer Anfrage an die jeweiligen Anlagen ausdr\u00fccklich zuzustimmen.Please enable JavaScript to submit this form.Dieses Feld...","protected":false},"author":2,"featured_media":0,"parent":0,"menu_order":0,"comment_status":"closed","ping_status":"closed","template":"","meta":{"_lmt_disableupdate":"no","_lmt_disable":"","footnotes":""},"acf":[],"yoast_head":"<!-- This site is optimized with the Yoast SEO plugin v21.9.1 - https:\/\/yoast.com\/wordpress\/plugins\/seo\/ -->\n<title>campinglagomaggiore - Kontakte<\/title>\n<meta name=\"robots\" content=\"index, follow, max-snippet:-1, max-image-preview:large, max-video-preview:-1\" \/>\n<link rel=\"canonical\" href=\"https:\/\/www.campinglagomaggiore.com\/de\/contattaci\/\" \/>\n<meta property=\"og:locale\" content=\"de_DE\" \/>\n<meta property=\"og:type\" content=\"article\" \/>\n<meta property=\"og:title\" content=\"campinglagomaggiore - Kontakte\" \/>\n<meta property=\"og:url\" content=\"https:\/\/www.campinglagomaggiore.com\/de\/contattaci\/\" \/>\n<meta property=\"og:site_name\" content=\"campinglagomaggiore\" \/>\n<meta property=\"article:modified_time\" content=\"2024-05-08T09:09:15+00:00\" \/>\n<meta name=\"twitter:card\" content=\"summary_large_image\" \/>\n<meta name=\"twitter:label1\" content=\"Gesch\u00e4tzte Lesezeit\" \/>\n\t<meta name=\"twitter:data1\" content=\"1\u00a0Minute\" \/>\n<script type=\"application\/ld+json\" class=\"yoast-schema-graph\">{\"@context\":\"https:\/\/schema.org\",\"@graph\":[{\"@type\":\"WebPage\",\"@id\":\"https:\/\/www.campinglagomaggiore.com\/de\/contattaci\/\",\"url\":\"https:\/\/www.campinglagomaggiore.com\/de\/contattaci\/\",\"name\":\"campinglagomaggiore - Kontakte\",\"isPartOf\":{\"@id\":\"https:\/\/www.campinglagomaggiore.com\/#website\"},\"datePublished\":\"2021-12-13T11:19:01+00:00\",\"dateModified\":\"2024-05-08T09:09:15+00:00\",\"breadcrumb\":{\"@id\":\"https:\/\/www.campinglagomaggiore.com\/de\/contattaci\/#breadcrumb\"},\"inLanguage\":\"de\",\"potentialAction\":[{\"@type\":\"ReadAction\",\"target\":[\"https:\/\/www.campinglagomaggiore.com\/de\/contattaci\/\"]}]},{\"@type\":\"BreadcrumbList\",\"@id\":\"https:\/\/www.campinglagomaggiore.com\/de\/contattaci\/#breadcrumb\",\"itemListElement\":[{\"@type\":\"ListItem\",\"position\":1,\"name\":\"Home\",\"item\":\"https:\/\/www.campinglagomaggiore.com\/de\/\"},{\"@type\":\"ListItem\",\"position\":2,\"name\":\"Kontakte\"}]},{\"@type\":\"WebSite\",\"@id\":\"https:\/\/www.campinglagomaggiore.com\/#website\",\"url\":\"https:\/\/www.campinglagomaggiore.com\/\",\"name\":\"Camping Lago Maggiore\",\"description\":\"Consorzio Lago Maggiore Holidays\",\"potentialAction\":[{\"@type\":\"SearchAction\",\"target\":{\"@type\":\"EntryPoint\",\"urlTemplate\":\"https:\/\/www.campinglagomaggiore.com\/?s={search_term_string}\"},\"query-input\":\"required name=search_term_string\"}],\"inLanguage\":\"de\"}]}<\/script>\n<!-- \/ Yoast SEO plugin. -->","yoast_head_json":{"title":"campinglagomaggiore - Kontakte","robots":{"index":"index","follow":"follow","max-snippet":"max-snippet:-1","max-image-preview":"max-image-preview:large","max-video-preview":"max-video-preview:-1"},"canonical":"https:\/\/www.campinglagomaggiore.com\/de\/contattaci\/","og_locale":"de_DE","og_type":"article","og_title":"campinglagomaggiore - Kontakte","og_url":"https:\/\/www.campinglagomaggiore.com\/de\/contattaci\/","og_site_name":"campinglagomaggiore","article_modified_time":"2024-05-08T09:09:15+00:00","twitter_card":"summary_large_image","twitter_misc":{"Gesch\u00e4tzte Lesezeit":"1\u00a0Minute"},"schema":{"@context":"https:\/\/schema.org","@graph":[{"@type":"WebPage","@id":"https:\/\/www.campinglagomaggiore.com\/de\/contattaci\/","url":"https:\/\/www.campinglagomaggiore.com\/de\/contattaci\/","name":"campinglagomaggiore - Kontakte","isPartOf":{"@id":"https:\/\/www.campinglagomaggiore.com\/#website"},"datePublished":"2021-12-13T11:19:01+00:00","dateModified":"2024-05-08T09:09:15+00:00","breadcrumb":{"@id":"https:\/\/www.campinglagomaggiore.com\/de\/contattaci\/#breadcrumb"},"inLanguage":"de","potentialAction":[{"@type":"ReadAction","target":["https:\/\/www.campinglagomaggiore.com\/de\/contattaci\/"]}]},{"@type":"BreadcrumbList","@id":"https:\/\/www.campinglagomaggiore.com\/de\/contattaci\/#breadcrumb","itemListElement":[{"@type":"ListItem","position":1,"name":"Home","item":"https:\/\/www.campinglagomaggiore.com\/de\/"},{"@type":"ListItem","position":2,"name":"Kontakte"}]},{"@type":"WebSite","@id":"https:\/\/www.campinglagomaggiore.com\/#website","url":"https:\/\/www.campinglagomaggiore.com\/","name":"Camping Lago Maggiore","description":"Consorzio Lago Maggiore Holidays","potentialAction":[{"@type":"SearchAction","target":{"@type":"EntryPoint","urlTemplate":"https:\/\/www.campinglagomaggiore.com\/?s={search_term_string}"},"query-input":"required name=search_term_string"}],"inLanguage":"de"}]}},"_links":{"self":[{"href":"https:\/\/www.campinglagomaggiore.com\/de\/wp-json\/wp\/v2\/pages\/14173"}],"collection":[{"href":"https:\/\/www.campinglagomaggiore.com\/de\/wp-json\/wp\/v2\/pages"}],"about":[{"href":"https:\/\/www.campinglagomaggiore.com\/de\/wp-json\/wp\/v2\/types\/page"}],"author":[{"embeddable":true,"href":"https:\/\/www.campinglagomaggiore.com\/de\/wp-json\/wp\/v2\/users\/2"}],"replies":[{"embeddable":true,"href":"https:\/\/www.campinglagomaggiore.com\/de\/wp-json\/wp\/v2\/comments?post=14173"}],"version-history":[{"count":12,"href":"https:\/\/www.campinglagomaggiore.com\/de\/wp-json\/wp\/v2\/pages\/14173\/revisions"}],"predecessor-version":[{"id":19292,"href":"https:\/\/www.campinglagomaggiore.com\/de\/wp-json\/wp\/v2\/pages\/14173\/revisions\/19292"}],"wp:attachment":[{"href":"https:\/\/www.campinglagomaggiore.com\/de\/wp-json\/wp\/v2\/media?parent=14173"}],"curies":[{"name":"wp","href":"https:\/\/api.w.org\/{rel}","templated":true}]}}