{"id":6073,"date":"2019-10-30T10:38:49","date_gmt":"2019-10-30T09:38:49","guid":{"rendered":"http:\/\/www.campinglagomaggiore.com\/ueber-uns\/"},"modified":"2026-04-16T20:49:46","modified_gmt":"2026-04-16T18:49:46","slug":"ueber-uns","status":"publish","type":"page","link":"https:\/\/www.campinglagomaggiore.com\/de\/ueber-uns\/","title":{"rendered":"\u00dcBER UNS"},"content":{"rendered":"<section class=\"l-section wpb_row height_auto width_full with_img\"><div class=\"l-section-img\" role=\"img\" data-img-width=\"1358\" data-img-height=\"769\" style=\"background-image: url(https:\/\/www.campinglagomaggiore.com\/wp-content\/uploads\/2018\/11\/camping-lago-maggiore.jpg);background-repeat: no-repeat;\"><\/div><div class=\"l-section-h i-cf\"><div class=\"g-cols vc_row via_grid cols_1 laptops-cols_inherit tablets-cols_inherit mobiles-cols_1 valign_top type_default stacking_default\"><div class=\"wpb_column vc_column_container\"><div class=\"vc_column-inner\"><div class=\"w-separator size_custom\" style=\"height:400px\"><\/div><\/div><\/div><\/div><\/div><\/section><section class=\"l-section wpb_row height_auto\"><div class=\"l-section-h i-cf\"><div class=\"g-cols vc_row via_grid cols_1 laptops-cols_inherit tablets-cols_inherit mobiles-cols_1 valign_middle type_default stacking_default\"><div class=\"wpb_column vc_column_container us_custom_7c314053\"><div class=\"vc_column-inner\"><div class=\"w-separator size_custom\" style=\"height:5px\"><\/div><div class=\"wpb_text_column\"><div class=\"wpb_wrapper\"><h2 style=\"text-align: center;\"><strong>CONSORZIO LAGO MAGGIORE HOLIDAYS<\/strong><\/h2>\n<p style=\"text-align: center;\">Das 1996 gegr\u00fcndete <strong> Consorzio Lago Maggiore Holidays <\/strong> vereint eine Auswahl der besten Campingpl\u00e4tze, Ferienanlagen, Hotels und Bed &amp; Breakfasts am piemontesischen Ufer des Lago Maggiore, des Lago Mergozzo, des Lago d&#8217;Orta sowie der Ossola-T\u00e4ler.<br \/>\nAlle dazugeh\u00f6rigen Strukturen zeichnen sich durch ihre freundliche und famili\u00e4re Atmosph\u00e4re sowie durch ihre angenehme Umgebung aus, in der es m\u00f6glich ist,<strong> vollst\u00e4ndig in die Natur und die Ruhe \u201eeinzutauchen\u201c<\/strong>.<\/p>\n<p style=\"text-align: center;\">Wir freuen uns, Ihnen eine Vielzahl von M\u00f6glichkeiten und Freizeitaktivit\u00e4ten zu bieten, die Ihren <strong> Aufenthalt unvergesslich machen <\/strong>: vom ruhigen, familiengef\u00fchrten Campingplatz bis zum voll ausgestatteten Campingdorf mit Schwimmbad und Animation, von Zimmern und Apartments in modernen Hotels und Ferienanlagen bis hin zu komfortablen Bed &amp; Breakfasts des Verbands der Case Piemontesi.<\/p>\n<p style=\"text-align: center;\">In unseren Unterk\u00fcnften werden Sie nicht nur <strong> herzlich empfangen <\/strong>, sondern Sie erhalten auch jene Professionalit\u00e4t und Aufmerksamkeit, die Sie von einem erholsamen Urlaub erwarten.<\/p>\n<p style=\"text-align: center;\">Auf den wichtigsten nationalen und internationalen Tourismusmessen verteilt das Consorzio seine Kataloge: einen \u00fcber seine Gastbetriebe und einen \u00fcber die Gebirgst\u00e4ler hinter dem Lago Maggiore.<\/p>\n<\/div><\/div><\/div><\/div><\/div><\/div><\/section><section class=\"l-section wpb_row height_medium\"><div class=\"l-section-h i-cf\"><div class=\"g-cols vc_row via_grid cols_6 laptops-cols_inherit tablets-cols_inherit mobiles-cols_1 valign_top type_default stacking_default\"><div class=\"wpb_column vc_column_container\"><div class=\"vc_column-inner\"><div class=\"w-image align_center\"><a target=\"_blank\" rel=\"nofollow\" href=\"https:\/\/www.campinglagomaggiore.com\/wp-content\/uploads\/2024\/04\/LMH-2024.pdf\" aria-label=\"LMH-2024_page-0001\" class=\"w-image-h\"><img loading=\"lazy\" decoding=\"async\" width=\"1754\" height=\"1241\" src=\"https:\/\/www.campinglagomaggiore.com\/wp-content\/uploads\/2024\/04\/LMH-2024_page-0001.jpg\" class=\"attachment-full size-full\" alt=\"\" \/><\/a><\/div><\/div><\/div><div class=\"wpb_column vc_column_container\"><div class=\"vc_column-inner\"><div class=\"w-image align_center\"><a target=\"_blank\" rel=\"nofollow\" href=\"https:\/\/www.campinglagomaggiore.com\/wp-content\/uploads\/2026\/04\/Catalogo-Valli-2026.pdf\" aria-label=\"catalogo 2-001 (1)\" class=\"w-image-h\"><img loading=\"lazy\" decoding=\"async\" width=\"1000\" height=\"707\" src=\"https:\/\/www.campinglagomaggiore.com\/wp-content\/uploads\/2019\/09\/catalogo-2-001-1.jpg\" class=\"attachment-full size-full\" alt=\"\" srcset=\"https:\/\/www.campinglagomaggiore.com\/wp-content\/uploads\/2019\/09\/catalogo-2-001-1.jpg 1000w, https:\/\/www.campinglagomaggiore.com\/wp-content\/uploads\/2019\/09\/catalogo-2-001-1-300x212.jpg 300w\" sizes=\"(max-width: 1000px) 100vw, 1000px\" \/><\/a><\/div><\/div><\/div><\/div><\/div><\/section>\n","protected":false},"excerpt":{"rendered":"CONSORZIO LAGO MAGGIORE HOLIDAYS Das 1996 gegr\u00fcndete Consorzio Lago Maggiore Holidays vereint eine Auswahl der besten Campingpl\u00e4tze, Ferienanlagen, Hotels und Bed &amp; Breakfasts am piemontesischen Ufer des Lago Maggiore, des Lago Mergozzo, des Lago d&#8217;Orta sowie der Ossola-T\u00e4ler. Alle dazugeh\u00f6rigen Strukturen zeichnen sich durch ihre freundliche und famili\u00e4re Atmosph\u00e4re sowie durch ihre angenehme Umgebung aus,...","protected":false},"author":2,"featured_media":0,"parent":0,"menu_order":0,"comment_status":"closed","ping_status":"closed","template":"","meta":{"_lmt_disableupdate":"no","_lmt_disable":"","footnotes":""},"acf":[],"yoast_head":"<!-- This site is optimized with the Yoast SEO plugin v21.9.1 - https:\/\/yoast.com\/wordpress\/plugins\/seo\/ -->\n<title>campinglagomaggiore - \u00dcBER UNS<\/title>\n<meta name=\"robots\" content=\"index, follow, max-snippet:-1, max-image-preview:large, max-video-preview:-1\" \/>\n<link rel=\"canonical\" href=\"https:\/\/www.campinglagomaggiore.com\/de\/ueber-uns\/\" \/>\n<meta property=\"og:locale\" content=\"de_DE\" \/>\n<meta property=\"og:type\" content=\"article\" \/>\n<meta property=\"og:title\" content=\"campinglagomaggiore - \u00dcBER UNS\" \/>\n<meta property=\"og:url\" content=\"https:\/\/www.campinglagomaggiore.com\/de\/ueber-uns\/\" \/>\n<meta property=\"og:site_name\" content=\"campinglagomaggiore\" \/>\n<meta property=\"article:modified_time\" content=\"2026-04-16T18:49:46+00:00\" \/>\n<meta name=\"twitter:card\" content=\"summary_large_image\" \/>\n<meta name=\"twitter:label1\" content=\"Gesch\u00e4tzte Lesezeit\" \/>\n\t<meta name=\"twitter:data1\" content=\"2\u00a0Minuten\" \/>\n<script type=\"application\/ld+json\" class=\"yoast-schema-graph\">{\"@context\":\"https:\/\/schema.org\",\"@graph\":[{\"@type\":\"WebPage\",\"@id\":\"https:\/\/www.campinglagomaggiore.com\/de\/ueber-uns\/\",\"url\":\"https:\/\/www.campinglagomaggiore.com\/de\/ueber-uns\/\",\"name\":\"campinglagomaggiore - \u00dcBER UNS\",\"isPartOf\":{\"@id\":\"https:\/\/www.campinglagomaggiore.com\/#website\"},\"datePublished\":\"2019-10-30T09:38:49+00:00\",\"dateModified\":\"2026-04-16T18:49:46+00:00\",\"breadcrumb\":{\"@id\":\"https:\/\/www.campinglagomaggiore.com\/de\/ueber-uns\/#breadcrumb\"},\"inLanguage\":\"de\",\"potentialAction\":[{\"@type\":\"ReadAction\",\"target\":[\"https:\/\/www.campinglagomaggiore.com\/de\/ueber-uns\/\"]}]},{\"@type\":\"BreadcrumbList\",\"@id\":\"https:\/\/www.campinglagomaggiore.com\/de\/ueber-uns\/#breadcrumb\",\"itemListElement\":[{\"@type\":\"ListItem\",\"position\":1,\"name\":\"Home\",\"item\":\"https:\/\/www.campinglagomaggiore.com\/de\/\"},{\"@type\":\"ListItem\",\"position\":2,\"name\":\"\u00dcBER UNS\"}]},{\"@type\":\"WebSite\",\"@id\":\"https:\/\/www.campinglagomaggiore.com\/#website\",\"url\":\"https:\/\/www.campinglagomaggiore.com\/\",\"name\":\"Camping Lago Maggiore\",\"description\":\"Consorzio Lago Maggiore Holidays\",\"potentialAction\":[{\"@type\":\"SearchAction\",\"target\":{\"@type\":\"EntryPoint\",\"urlTemplate\":\"https:\/\/www.campinglagomaggiore.com\/?s={search_term_string}\"},\"query-input\":\"required name=search_term_string\"}],\"inLanguage\":\"de\"}]}<\/script>\n<!-- \/ Yoast SEO plugin. -->","yoast_head_json":{"title":"campinglagomaggiore - \u00dcBER UNS","robots":{"index":"index","follow":"follow","max-snippet":"max-snippet:-1","max-image-preview":"max-image-preview:large","max-video-preview":"max-video-preview:-1"},"canonical":"https:\/\/www.campinglagomaggiore.com\/de\/ueber-uns\/","og_locale":"de_DE","og_type":"article","og_title":"campinglagomaggiore - \u00dcBER UNS","og_url":"https:\/\/www.campinglagomaggiore.com\/de\/ueber-uns\/","og_site_name":"campinglagomaggiore","article_modified_time":"2026-04-16T18:49:46+00:00","twitter_card":"summary_large_image","twitter_misc":{"Gesch\u00e4tzte Lesezeit":"2\u00a0Minuten"},"schema":{"@context":"https:\/\/schema.org","@graph":[{"@type":"WebPage","@id":"https:\/\/www.campinglagomaggiore.com\/de\/ueber-uns\/","url":"https:\/\/www.campinglagomaggiore.com\/de\/ueber-uns\/","name":"campinglagomaggiore - \u00dcBER UNS","isPartOf":{"@id":"https:\/\/www.campinglagomaggiore.com\/#website"},"datePublished":"2019-10-30T09:38:49+00:00","dateModified":"2026-04-16T18:49:46+00:00","breadcrumb":{"@id":"https:\/\/www.campinglagomaggiore.com\/de\/ueber-uns\/#breadcrumb"},"inLanguage":"de","potentialAction":[{"@type":"ReadAction","target":["https:\/\/www.campinglagomaggiore.com\/de\/ueber-uns\/"]}]},{"@type":"BreadcrumbList","@id":"https:\/\/www.campinglagomaggiore.com\/de\/ueber-uns\/#breadcrumb","itemListElement":[{"@type":"ListItem","position":1,"name":"Home","item":"https:\/\/www.campinglagomaggiore.com\/de\/"},{"@type":"ListItem","position":2,"name":"\u00dcBER UNS"}]},{"@type":"WebSite","@id":"https:\/\/www.campinglagomaggiore.com\/#website","url":"https:\/\/www.campinglagomaggiore.com\/","name":"Camping Lago Maggiore","description":"Consorzio Lago Maggiore Holidays","potentialAction":[{"@type":"SearchAction","target":{"@type":"EntryPoint","urlTemplate":"https:\/\/www.campinglagomaggiore.com\/?s={search_term_string}"},"query-input":"required name=search_term_string"}],"inLanguage":"de"}]}},"_links":{"self":[{"href":"https:\/\/www.campinglagomaggiore.com\/de\/wp-json\/wp\/v2\/pages\/6073"}],"collection":[{"href":"https:\/\/www.campinglagomaggiore.com\/de\/wp-json\/wp\/v2\/pages"}],"about":[{"href":"https:\/\/www.campinglagomaggiore.com\/de\/wp-json\/wp\/v2\/types\/page"}],"author":[{"embeddable":true,"href":"https:\/\/www.campinglagomaggiore.com\/de\/wp-json\/wp\/v2\/users\/2"}],"replies":[{"embeddable":true,"href":"https:\/\/www.campinglagomaggiore.com\/de\/wp-json\/wp\/v2\/comments?post=6073"}],"version-history":[{"count":8,"href":"https:\/\/www.campinglagomaggiore.com\/de\/wp-json\/wp\/v2\/pages\/6073\/revisions"}],"predecessor-version":[{"id":21088,"href":"https:\/\/www.campinglagomaggiore.com\/de\/wp-json\/wp\/v2\/pages\/6073\/revisions\/21088"}],"wp:attachment":[{"href":"https:\/\/www.campinglagomaggiore.com\/de\/wp-json\/wp\/v2\/media?parent=6073"}],"curies":[{"name":"wp","href":"https:\/\/api.w.org\/{rel}","templated":true}]}}