{"id":6146,"date":"2019-10-30T12:33:25","date_gmt":"2019-10-30T11:33:25","guid":{"rendered":"http:\/\/www.campinglagomaggiore.com\/bbs\/"},"modified":"2023-08-28T10:30:13","modified_gmt":"2023-08-28T08:30:13","slug":"bbs","status":"publish","type":"page","link":"https:\/\/www.campinglagomaggiore.com\/de\/bbs\/","title":{"rendered":"B&#038;BS"},"content":{"rendered":"<section class=\"l-section wpb_row fr-bg height_auto width_full with_img\"><div class=\"l-section-img\" role=\"img\" data-img-width=\"1600\" data-img-height=\"727\" style=\"background-image: url(https:\/\/www.campinglagomaggiore.com\/wp-content\/uploads\/2019\/11\/cover_photo-1.jpg);background-repeat: no-repeat;\"><\/div><div class=\"l-section-h i-cf\"><div class=\"g-cols vc_row via_grid cols_1 laptops-cols_inherit tablets-cols_inherit mobiles-cols_1 valign_top type_default stacking_default\"><div class=\"wpb_column vc_column_container\"><div class=\"vc_column-inner\"><div class=\"w-separator size_custom\" style=\"height:150px\"><\/div><div class=\"wpb_text_column\"><div class=\"wpb_wrapper\"><h1 class=\"title-page\"><strong><span style=\"vertical-align: inherit;\"><span style=\"vertical-align: inherit;\">B&amp;BS<\/span><\/span><\/strong><\/h1>\n<\/div><\/div><div class=\"w-separator size_custom\" style=\"height:150px\"><\/div><\/div><\/div><\/div><\/div><\/section><section class=\"l-section wpb_row us_custom_2ca7329d height_small\"><div class=\"l-section-h i-cf\"><div class=\"g-cols vc_row via_grid cols_2-1 laptops-cols_inherit tablets-cols_inherit mobiles-cols_1 valign_middle type_default stacking_default\"><div class=\"wpb_column vc_column_container us_custom_11577dea has_bg_color\"><div class=\"vc_column-inner\"><div class=\"w-separator size_custom\" style=\"height:400px\"><\/div><\/div><\/div><div class=\"wpb_column vc_column_container\"><div class=\"vc_column-inner\"><div class=\"wpb_text_column\"><div class=\"wpb_wrapper\"><p style=\"text-align: left;\">Sollten Sie nach einer anderen Unterbringung als dem klassischen Hotel suchen, bietet der Lago Maggiore mehrere Bed &amp; Breakfasts: von klein bis gro\u00df sind sie im ganzen Gebiet in malerischen, eingesessenen Umgebungen zu finden.<\/p>\n<p style=\"text-align: left;\">Die ideale Lage und familiengef\u00fchrte, professionelle Atmosph\u00e4re des Bed &amp; Breakfasts sorgen daf\u00fcr, dass Sie an einem traumhaften Ort zu erschwinglichen Preisen \u00fcbernachten k\u00f6nnen.<\/p>\n<\/div><\/div><\/div><\/div><\/div><\/div><\/section><section class=\"l-section wpb_row height_small\"><div class=\"l-section-h i-cf\"><div class=\"g-cols vc_row via_grid cols_1 laptops-cols_inherit tablets-cols_inherit mobiles-cols_1 valign_top type_default stacking_default\"><div class=\"wpb_column vc_column_container\"><div class=\"vc_column-inner\"><div class=\"wpb_text_column\"><div class=\"wpb_wrapper\"><h3 style=\"text-align: center;\">ENTDECKEN SIE UNSERE B&amp;BS<\/h3>\n<\/div><\/div><div class=\"w-separator us_custom_3b4a2cc5 has_text_color size_small with_line width_default thick_3 style_solid color_border align_center with_content\"><div class=\"w-separator-h\"><i class=\"fas fa-bed\"><\/i><\/div><\/div>[vc_raw_html]JTVCQVNMX1NUT1JFTE9DQVRPUiUyMHN0b3JlcyUzRCUyMjU3JTJDNTglMjIlNUQ=[\/vc_raw_html]<div class=\"w-separator size_custom\" style=\"height:60px\"><\/div><div class=\"w-grid type_carousel layout_8689 cols_4 ratio_1x1\" id=\"us_grid_1\" style=\"--gap:1.5rem;\"><style>.layout_8689 .w-grid-item-h:before{padding-bottom:100%}.layout_8689 .w-grid-item-h{color:#ffffff}.layout_8689 .usg_post_image_1{transition-duration:0.35s;transform-origin:50% 50%;transform:scale(1) translate(0%,0%)}.layout_8689 .w-grid-item-h:hover .usg_post_image_1{transform:scale(1) translate(0%,0%);opacity:1}.layout_8689 .usg_post_title_1{transition-duration:0.35s;transform-origin:50% 50%;transform:scale(1) translate(0%,0%)}.layout_8689 .w-grid-item-h:hover .usg_post_title_1{transform:scale(1) translate(0%,0%);opacity:1}.layout_8689 .usg_btn_1{transition-duration:0.3s;transform-origin:50% 50%;transform:scale(1) translate(0%,0%);opacity:0}.layout_8689 .w-grid-item-h:hover .usg_btn_1{transform:scale(1) translate(0%,0%);opacity:1}.layout_8689 .usg_post_image_1{position:absolute!important;top:0!important;right:0!important;bottom:0!important;left:0!important}.layout_8689 .usg_vwrapper_1{position:absolute!important;top:0!important;right:0!important;bottom:0!important;left:0!important;padding:3rem!important}.layout_8689 .usg_post_title_1{padding-top:10px!important;font-family:var(--h1-font-family)!important;font-size:1.1rem!important;font-weight:700!important;color:#ffffff!important}.layout_8689 .usg_btn_1{color:#ffffff!important;border-color:rgba(0,0,0,0)!important;background:rgba(0,0,0,0)!important}.layout_8689 .usg_vwrapper_2{position:absolute!important;top:0!important;right:0!important;bottom:5%!important;left:0!important}@media (min-width:1025px) and (max-width:1380px){.layout_8689 .usg_post_image_1{position:absolute!important;top:0!important;right:0!important;bottom:0!important;left:0!important}.layout_8689 .usg_vwrapper_1{position:absolute!important;top:0!important;right:0!important;bottom:0!important;left:0!important;padding:3rem!important}.layout_8689 .usg_post_title_1{padding-top:10px!important;font-family:var(--h1-font-family)!important;font-size:1.1rem!important;font-weight:700!important;color:#ffffff!important}.layout_8689 .usg_btn_1{color:#ffffff!important;border-color:rgba(0,0,0,0)!important;background:rgba(0,0,0,0)!important}.layout_8689 .usg_vwrapper_2{position:absolute!important;top:0!important;right:0!important;bottom:5%!important;left:0!important}}@media (min-width:601px) and (max-width:1024px){.layout_8689 .usg_post_image_1{position:absolute!important;top:0!important;right:0!important;bottom:0!important;left:0!important}.layout_8689 .usg_vwrapper_1{position:absolute!important;top:0!important;right:0!important;bottom:0!important;left:0!important;padding:3rem!important}.layout_8689 .usg_post_title_1{padding-top:10px!important;font-family:var(--h1-font-family)!important;font-size:1.1rem!important;font-weight:700!important;color:#ffffff!important}.layout_8689 .usg_btn_1{color:#ffffff!important;border-color:rgba(0,0,0,0)!important;background:rgba(0,0,0,0)!important}.layout_8689 .usg_vwrapper_2{position:absolute!important;top:0!important;right:0!important;bottom:5%!important;left:0!important}}@media (max-width:600px){.layout_8689 .usg_post_image_1{position:absolute!important;top:0!important;right:0!important;bottom:0!important;left:0!important}.layout_8689 .usg_vwrapper_1{position:absolute!important;top:0!important;right:0!important;bottom:0!important;left:0!important;padding:3rem!important}.layout_8689 .usg_post_title_1{padding-top:10px!important;font-family:var(--h1-font-family)!important;font-size:1.1rem!important;font-weight:700!important;color:#ffffff!important}.layout_8689 .usg_btn_1{color:#ffffff!important;border-color:rgba(0,0,0,0)!important;background:rgba(0,0,0,0)!important}.layout_8689 .usg_vwrapper_2{position:absolute!important;top:0!important;right:0!important;bottom:5%!important;left:0!important}}<\/style><div class=\"w-grid-list owl-carousel navstyle_circle navpos_outside with_dots\" style=\"--arrows-size:1.8rem;--arrows-offset:1rem;\">\t<article class=\"w-grid-item post-5358 us_portfolio type-us_portfolio status-publish has-post-thumbnail hentry us_portfolio_category-bb-de\" data-id=\"5358\">\r\n\t\t<div class=\"w-grid-item-h\">\r\n\t\t\t\t\t\t\t<a href=\"https:\/\/www.campinglagomaggiore.com\/de\/consorzio-lago-maggiore\/associazione-case-piemontesi-vco-e-novara\/\" class=\"w-grid-item-anchor\" aria-label=\"ASSOCIAZIONE CASE PIEMONTESI VCO e Novara\"><\/a>\r\n\t\t\t\t\t\t<div class=\"w-post-elm post_image usg_post_image_1 stretched\"><img loading=\"lazy\" decoding=\"async\" width=\"1000\" height=\"667\" src=\"https:\/\/www.campinglagomaggiore.com\/wp-content\/uploads\/2019\/09\/casa3.jpg\" class=\"attachment-large size-large wp-post-image\" alt=\"\" srcset=\"https:\/\/www.campinglagomaggiore.com\/wp-content\/uploads\/2019\/09\/casa3.jpg 1000w, https:\/\/www.campinglagomaggiore.com\/wp-content\/uploads\/2019\/09\/casa3-300x200.jpg 300w\" sizes=\"(max-width: 1000px) 100vw, 1000px\" \/><\/div><div class=\"w-vwrapper usg_vwrapper_1 grid_style_12 align_center valign_top\"><h3 class=\"w-post-elm post_title usg_post_title_1 has_text_color entry-title color_link_inherit\"><a href=\"https:\/\/www.campinglagomaggiore.com\/de\/consorzio-lago-maggiore\/associazione-case-piemontesi-vco-e-novara\/\">ASSOCIAZIONE CASE PIEMONTESI VCO e Novara<\/a><\/h3><\/div><div class=\"w-vwrapper usg_vwrapper_2 align_center valign_bottom\"><a class=\"w-btn us-btn-style_1 usg_btn_1 has_text_color\" href=\"https:\/\/www.campinglagomaggiore.com\/de\/consorzio-lago-maggiore\/associazione-case-piemontesi-vco-e-novara\/\"><span class=\"w-btn-label\">MEHR SEHEN<\/span><\/a><\/div>\t\t<\/div>\r\n\t<\/article>\r\n\t<article class=\"w-grid-item post-12231 us_portfolio type-us_portfolio status-publish has-post-thumbnail hentry us_portfolio_category-bb-de\" data-id=\"12231\">\r\n\t\t<div class=\"w-grid-item-h\">\r\n\t\t\t\t\t\t\t<a href=\"https:\/\/www.campinglagomaggiore.com\/de\/consorzio-lago-maggiore\/dimora-storica-casa-vanni-borgomezzavalle-vb\/\" class=\"w-grid-item-anchor\" aria-label=\"DIMORA STORICA CASA VANNI Borgomezzavalle (VB)\"><\/a>\r\n\t\t\t\t\t\t<div class=\"w-post-elm post_image usg_post_image_1 stretched\"><img loading=\"lazy\" decoding=\"async\" width=\"1024\" height=\"576\" src=\"https:\/\/www.campinglagomaggiore.com\/wp-content\/uploads\/2021\/02\/0d8fde75ab134ef3c9abe3d5dd4c6f22-1024x576.jpg\" class=\"attachment-large size-large wp-post-image\" alt=\"\" srcset=\"https:\/\/www.campinglagomaggiore.com\/wp-content\/uploads\/2021\/02\/0d8fde75ab134ef3c9abe3d5dd4c6f22-1024x576.jpg 1024w, https:\/\/www.campinglagomaggiore.com\/wp-content\/uploads\/2021\/02\/0d8fde75ab134ef3c9abe3d5dd4c6f22-300x169.jpg 300w, https:\/\/www.campinglagomaggiore.com\/wp-content\/uploads\/2021\/02\/0d8fde75ab134ef3c9abe3d5dd4c6f22.jpg 1200w\" sizes=\"(max-width: 1024px) 100vw, 1024px\" \/><\/div><div class=\"w-vwrapper usg_vwrapper_1 grid_style_12 align_center valign_top\"><h3 class=\"w-post-elm post_title usg_post_title_1 has_text_color entry-title color_link_inherit\"><a href=\"https:\/\/www.campinglagomaggiore.com\/de\/consorzio-lago-maggiore\/dimora-storica-casa-vanni-borgomezzavalle-vb\/\">DIMORA STORICA CASA VANNI Borgomezzavalle (VB)<\/a><\/h3><\/div><div class=\"w-vwrapper usg_vwrapper_2 align_center valign_bottom\"><a class=\"w-btn us-btn-style_1 usg_btn_1 has_text_color\" href=\"https:\/\/www.campinglagomaggiore.com\/de\/consorzio-lago-maggiore\/dimora-storica-casa-vanni-borgomezzavalle-vb\/\"><span class=\"w-btn-label\">MEHR SEHEN<\/span><\/a><\/div>\t\t<\/div>\r\n\t<\/article>\r\n<\/div>\t<div class=\"g-preloader type_1\">\r\n\t\t<div><\/div>\r\n\t<\/div>\r\n\t\t<div class=\"w-grid-json hidden\" onclick='return {&quot;action&quot;:&quot;us_ajax_grid&quot;,&quot;ajax_url&quot;:&quot;https:\\\/\\\/www.campinglagomaggiore.com\\\/wp-admin\\\/admin-ajax.php&quot;,&quot;infinite_scroll&quot;:0,&quot;max_num_pages&quot;:1,&quot;pagination&quot;:&quot;none&quot;,&quot;template_vars&quot;:{&quot;columns&quot;:&quot;4&quot;,&quot;exclude_items&quot;:&quot;none&quot;,&quot;img_size&quot;:&quot;default&quot;,&quot;ignore_items_size&quot;:0,&quot;items_layout&quot;:&quot;8689&quot;,&quot;items_offset&quot;:&quot;1&quot;,&quot;load_animation&quot;:&quot;none&quot;,&quot;overriding_link&quot;:&quot;%7B%22type%22%3A%22post%22%7D&quot;,&quot;post_id&quot;:0,&quot;query_args&quot;:{&quot;post_type&quot;:[&quot;us_portfolio&quot;],&quot;tax_query&quot;:[{&quot;taxonomy&quot;:&quot;us_portfolio_category&quot;,&quot;field&quot;:&quot;slug&quot;,&quot;terms&quot;:[&quot;bb-de&quot;]}],&quot;post_status&quot;:[&quot;publish&quot;,&quot;acf-disabled&quot;],&quot;posts_per_page&quot;:&quot;3&quot;},&quot;orderby_query_args&quot;:{&quot;orderby&quot;:&quot;RAND(1273753575)&quot;},&quot;type&quot;:&quot;carousel&quot;,&quot;us_grid_ajax_index&quot;:1,&quot;us_grid_filter_params&quot;:[],&quot;us_grid_index&quot;:1,&quot;_us_grid_post_type&quot;:&quot;us_portfolio&quot;,&quot;page_args&quot;:[],&quot;lang&quot;:&quot;de&quot;},&quot;carousel_settings&quot;:{&quot;autoHeight&quot;:0,&quot;autoplay&quot;:0,&quot;carousel_fade&quot;:0,&quot;center&quot;:0,&quot;dots&quot;:1,&quot;items&quot;:&quot;4&quot;,&quot;loop&quot;:false,&quot;nav&quot;:1,&quot;slideby&quot;:&quot;1&quot;,&quot;smooth_play&quot;:0,&quot;speed&quot;:250,&quot;timeout&quot;:3000,&quot;transition&quot;:&quot;&quot;,&quot;aria_labels&quot;:{&quot;prev&quot;:&quot;Zur\\u00fcck&quot;,&quot;next&quot;:&quot;Weiter&quot;}},&quot;carousel_breakpoints&quot;:{&quot;0&quot;:{&quot;autoHeight&quot;:0,&quot;autoplay&quot;:1,&quot;autoplayHoverPause&quot;:1,&quot;items&quot;:1,&quot;loop&quot;:true,&quot;stagePadding&quot;:0},&quot;601&quot;:{&quot;autoHeight&quot;:0,&quot;autoplay&quot;:1,&quot;autoplayHoverPause&quot;:1,&quot;items&quot;:2,&quot;loop&quot;:false,&quot;stagePadding&quot;:0},&quot;1025&quot;:{&quot;autoHeight&quot;:0,&quot;autoplay&quot;:1,&quot;autoplayHoverPause&quot;:1,&quot;items&quot;:3,&quot;loop&quot;:false,&quot;stagePadding&quot;:0},&quot;1381&quot;:{&quot;items&quot;:4,&quot;stagePadding&quot;:0}}}'><\/div>\r\n\t<\/div><div class=\"w-separator size_custom\" style=\"height:60px\"><\/div><\/div><\/div><\/div><\/div><\/section><section class=\"l-section wpb_row height_medium color_primary with_img\"><div class=\"l-section-img\" role=\"img\" data-img-width=\"1170\" data-img-height=\"764\" style=\"background-image: url(https:\/\/www.campinglagomaggiore.com\/wp-content\/uploads\/revslider\/home-b1\/slider-B1-03.jpg);background-position: top center;\"><\/div><div class=\"l-section-h i-cf\"><div class=\"g-cols vc_row via_grid cols_custom laptops-cols_inherit tablets-cols_inherit mobiles-cols_1 valign_middle type_default stacking_default\" style=\"--custom-columns:1.5fr 3fr 1.5fr \"><div class=\"wpb_column vc_column_container\"><div class=\"vc_column-inner\"><div class=\"w-separator size_custom\" style=\"height:32px\"><\/div><\/div><\/div><div class=\"wpb_column vc_column_container\"><div class=\"vc_column-inner\"><div class=\"w-separator size_custom\" style=\"height:60px\"><\/div><div class=\"wpb_text_column\"><div class=\"wpb_wrapper\"><blockquote>\n<h4 class=\"p1\" style=\"text-align: center;\"><span class=\"s1\">MAN ERLEBT JEDE REISE DREI MAL: WENN MAN DAVON TR\u00c4UMT, WENN MAN SIE ERLEBT UND WENN MAN SICH DARAN ERINNERT<\/span><\/h4>\n<\/blockquote>\n<\/div><\/div><div class=\"w-separator size_custom\" style=\"height:60px\"><\/div><\/div><\/div><div class=\"wpb_column vc_column_container\"><div class=\"vc_column-inner\"><div class=\"w-separator size_custom\" style=\"height:32px\"><\/div><\/div><\/div><\/div><\/div><\/section>\n","protected":false},"excerpt":{"rendered":"Borgomezzavalle (VB) DIMORA STORICA CASA VANNI [vc_custom_heading text=\"DIMORA STORICA CASA VANNI Borgomezzavalle (VB)\" font_container=\"tag:p|font_size:15px|text_align:left|color:%23000000\" use_theme_fonts=\"yes\" css=\"%7B%22default%22%3A%7B%22color%22%3A%22%23000000%22%2C%22font-size%22%3A%2215px%22%7D%7D\"]Anschrift: Via Valeggia 6, 28841 Borgomezzavalle (VB) Tel: +39 0324 740003 E-mail:\u00a0prenotazioni@ossolacollection.com www.casavanni.ossolacollection.com CIR: 103078-CAF-00003 CIN: IT103078B7RVALVRSE FacebookInstagramCasa Vanni\u00a0ist ein antikes Geb\u00e4ude aus dem 15 Jahrhundert und befindet sich in der Ortschaft\u00a0Borgomezzavalle\u00a0in Naturpark des\u00a0Antronatals,\u00a0eine Paradies f\u00fcr alle, die unber\u00fchrte Natur...","protected":false},"author":2,"featured_media":0,"parent":0,"menu_order":0,"comment_status":"closed","ping_status":"closed","template":"","meta":{"_lmt_disableupdate":"no","_lmt_disable":"","footnotes":""},"acf":[],"yoast_head":"<!-- This site is optimized with the Yoast SEO plugin v21.9.1 - https:\/\/yoast.com\/wordpress\/plugins\/seo\/ -->\n<title>Bed &amp; Breakfast am Lago Maggiore, B&amp;B in Piemont, B&amp;B Ferien am Lago<\/title>\n<meta name=\"description\" content=\"Liste der besten Bed &amp; Breakfast am Lago Maggiore, malerische Zimmer im Piemont gelegen. B&amp;B am Lago Maggiore buchen.\" \/>\n<meta name=\"robots\" content=\"index, follow, max-snippet:-1, max-image-preview:large, max-video-preview:-1\" \/>\n<link rel=\"canonical\" href=\"https:\/\/www.campinglagomaggiore.com\/b-and-b\/\" \/>\n<meta property=\"og:locale\" content=\"de_DE\" \/>\n<meta property=\"og:type\" content=\"article\" \/>\n<meta property=\"og:title\" content=\"Bed &amp; Breakfast am Lago Maggiore, B&amp;B in Piemont, B&amp;B Ferien am Lago\" \/>\n<meta property=\"og:description\" content=\"Liste der besten Bed &amp; Breakfast am Lago Maggiore, malerische Zimmer im Piemont gelegen. B&amp;B am Lago Maggiore buchen.\" \/>\n<meta property=\"og:url\" content=\"https:\/\/www.campinglagomaggiore.com\/b-and-b\/\" \/>\n<meta property=\"og:site_name\" content=\"campinglagomaggiore\" \/>\n<meta property=\"article:modified_time\" content=\"2023-08-28T08:30:13+00:00\" \/>\n<meta name=\"twitter:card\" content=\"summary_large_image\" \/>\n<meta name=\"twitter:label1\" content=\"Gesch\u00e4tzte Lesezeit\" \/>\n\t<meta name=\"twitter:data1\" content=\"1\u00a0Minute\" \/>\n<script type=\"application\/ld+json\" class=\"yoast-schema-graph\">{\"@context\":\"https:\/\/schema.org\",\"@graph\":[{\"@type\":\"WebPage\",\"@id\":\"https:\/\/www.campinglagomaggiore.com\/b-and-b\/\",\"url\":\"https:\/\/www.campinglagomaggiore.com\/b-and-b\/\",\"name\":\"Bed & Breakfast am Lago Maggiore, B&B in Piemont, B&B Ferien am Lago\",\"isPartOf\":{\"@id\":\"https:\/\/www.campinglagomaggiore.com\/#website\"},\"datePublished\":\"2019-10-30T11:33:25+00:00\",\"dateModified\":\"2023-08-28T08:30:13+00:00\",\"description\":\"Liste der besten Bed & Breakfast am Lago Maggiore, malerische Zimmer im Piemont gelegen. B&B am Lago Maggiore buchen.\",\"breadcrumb\":{\"@id\":\"https:\/\/www.campinglagomaggiore.com\/b-and-b\/#breadcrumb\"},\"inLanguage\":\"de\",\"potentialAction\":[{\"@type\":\"ReadAction\",\"target\":[\"https:\/\/www.campinglagomaggiore.com\/b-and-b\/\"]}]},{\"@type\":\"BreadcrumbList\",\"@id\":\"https:\/\/www.campinglagomaggiore.com\/b-and-b\/#breadcrumb\",\"itemListElement\":[{\"@type\":\"ListItem\",\"position\":1,\"name\":\"Home\",\"item\":\"https:\/\/www.campinglagomaggiore.com\/de\/\"},{\"@type\":\"ListItem\",\"position\":2,\"name\":\"B&#038;BS\"}]},{\"@type\":\"WebSite\",\"@id\":\"https:\/\/www.campinglagomaggiore.com\/#website\",\"url\":\"https:\/\/www.campinglagomaggiore.com\/\",\"name\":\"Camping Lago Maggiore\",\"description\":\"Consorzio Lago Maggiore Holidays\",\"potentialAction\":[{\"@type\":\"SearchAction\",\"target\":{\"@type\":\"EntryPoint\",\"urlTemplate\":\"https:\/\/www.campinglagomaggiore.com\/?s={search_term_string}\"},\"query-input\":\"required name=search_term_string\"}],\"inLanguage\":\"de\"}]}<\/script>\n<!-- \/ Yoast SEO plugin. -->","yoast_head_json":{"title":"Bed & Breakfast am Lago Maggiore, B&B in Piemont, B&B Ferien am Lago","description":"Liste der besten Bed & Breakfast am Lago Maggiore, malerische Zimmer im Piemont gelegen. B&B am Lago Maggiore buchen.","robots":{"index":"index","follow":"follow","max-snippet":"max-snippet:-1","max-image-preview":"max-image-preview:large","max-video-preview":"max-video-preview:-1"},"canonical":"https:\/\/www.campinglagomaggiore.com\/b-and-b\/","og_locale":"de_DE","og_type":"article","og_title":"Bed & Breakfast am Lago Maggiore, B&B in Piemont, B&B Ferien am Lago","og_description":"Liste der besten Bed & Breakfast am Lago Maggiore, malerische Zimmer im Piemont gelegen. B&B am Lago Maggiore buchen.","og_url":"https:\/\/www.campinglagomaggiore.com\/b-and-b\/","og_site_name":"campinglagomaggiore","article_modified_time":"2023-08-28T08:30:13+00:00","twitter_card":"summary_large_image","twitter_misc":{"Gesch\u00e4tzte Lesezeit":"1\u00a0Minute"},"schema":{"@context":"https:\/\/schema.org","@graph":[{"@type":"WebPage","@id":"https:\/\/www.campinglagomaggiore.com\/b-and-b\/","url":"https:\/\/www.campinglagomaggiore.com\/b-and-b\/","name":"Bed & Breakfast am Lago Maggiore, B&B in Piemont, B&B Ferien am Lago","isPartOf":{"@id":"https:\/\/www.campinglagomaggiore.com\/#website"},"datePublished":"2019-10-30T11:33:25+00:00","dateModified":"2023-08-28T08:30:13+00:00","description":"Liste der besten Bed & Breakfast am Lago Maggiore, malerische Zimmer im Piemont gelegen. B&B am Lago Maggiore buchen.","breadcrumb":{"@id":"https:\/\/www.campinglagomaggiore.com\/b-and-b\/#breadcrumb"},"inLanguage":"de","potentialAction":[{"@type":"ReadAction","target":["https:\/\/www.campinglagomaggiore.com\/b-and-b\/"]}]},{"@type":"BreadcrumbList","@id":"https:\/\/www.campinglagomaggiore.com\/b-and-b\/#breadcrumb","itemListElement":[{"@type":"ListItem","position":1,"name":"Home","item":"https:\/\/www.campinglagomaggiore.com\/de\/"},{"@type":"ListItem","position":2,"name":"B&#038;BS"}]},{"@type":"WebSite","@id":"https:\/\/www.campinglagomaggiore.com\/#website","url":"https:\/\/www.campinglagomaggiore.com\/","name":"Camping Lago Maggiore","description":"Consorzio Lago Maggiore Holidays","potentialAction":[{"@type":"SearchAction","target":{"@type":"EntryPoint","urlTemplate":"https:\/\/www.campinglagomaggiore.com\/?s={search_term_string}"},"query-input":"required name=search_term_string"}],"inLanguage":"de"}]}},"_links":{"self":[{"href":"https:\/\/www.campinglagomaggiore.com\/de\/wp-json\/wp\/v2\/pages\/6146"}],"collection":[{"href":"https:\/\/www.campinglagomaggiore.com\/de\/wp-json\/wp\/v2\/pages"}],"about":[{"href":"https:\/\/www.campinglagomaggiore.com\/de\/wp-json\/wp\/v2\/types\/page"}],"author":[{"embeddable":true,"href":"https:\/\/www.campinglagomaggiore.com\/de\/wp-json\/wp\/v2\/users\/2"}],"replies":[{"embeddable":true,"href":"https:\/\/www.campinglagomaggiore.com\/de\/wp-json\/wp\/v2\/comments?post=6146"}],"version-history":[{"count":21,"href":"https:\/\/www.campinglagomaggiore.com\/de\/wp-json\/wp\/v2\/pages\/6146\/revisions"}],"predecessor-version":[{"id":18607,"href":"https:\/\/www.campinglagomaggiore.com\/de\/wp-json\/wp\/v2\/pages\/6146\/revisions\/18607"}],"wp:attachment":[{"href":"https:\/\/www.campinglagomaggiore.com\/de\/wp-json\/wp\/v2\/media?parent=6146"}],"curies":[{"name":"wp","href":"https:\/\/api.w.org\/{rel}","templated":true}]}}